{"id":415,"date":"2018-10-23T14:40:14","date_gmt":"2018-10-23T14:40:14","guid":{"rendered":"https:\/\/feldspiel.ch\/?page_id=415"},"modified":"2024-09-17T09:51:34","modified_gmt":"2024-09-17T09:51:34","slug":"vorstand-kontakt","status":"publish","type":"page","link":"https:\/\/feldspiel.ch\/index.php\/vorstand-kontakt\/","title":{"rendered":"Vorstand\/Kontakt"},"content":{"rendered":"\n<h2 class=\"wp-block-heading\">Vorstand Eidgen\u00f6ssisches Feldspiel<\/h2>\n\n\n\n<p><strong>Pr\u00e4sident:<\/strong> <br>Markus Estermann<br>W\u00fchrestrasse 7<br>5724 D\u00fcrren\u00e4sch<\/p>\n\n\n\n<p><strong>Kassier:<\/strong><br>Stefan Kayser<br><\/p>\n\n\n\n<p><strong>Aktuarin:<\/strong><br>Nina Zanella<br><\/p>\n\n\n\n<p><strong>Bankverbindung Feldspiel:<\/strong><br>Bank Linth LLB AG<br>Bergstrasse 8<br>8712 St\u00e4fa<br>IBAN CH73 0873 1546 7642 1200 1<br>BIC LINSCH23 <br>Eidgen\u00f6ssisches Feldspiel<br>W\u00fchrestrasse 7, 5724 D\u00fcrren\u00e4sch<br><\/p>\n\n\n\n<div class=\"wpcf7 no-js\" id=\"wpcf7-f419-o1\" lang=\"de-DE\" dir=\"ltr\" data-wpcf7-id=\"419\">\n<div class=\"screen-reader-response\"><p role=\"status\" aria-live=\"polite\" aria-atomic=\"true\"><\/p> <ul><\/ul><\/div>\n<form action=\"\/index.php\/wp-json\/wp\/v2\/pages\/415#wpcf7-f419-o1\" method=\"post\" class=\"wpcf7-form init\" aria-label=\"Kontaktformular\" novalidate=\"novalidate\" data-status=\"init\">\n<fieldset class=\"hidden-fields-container\"><input type=\"hidden\" name=\"_wpcf7\" value=\"419\" \/><input type=\"hidden\" name=\"_wpcf7_version\" value=\"6.1.5\" \/><input type=\"hidden\" name=\"_wpcf7_locale\" value=\"de_DE\" \/><input type=\"hidden\" name=\"_wpcf7_unit_tag\" value=\"wpcf7-f419-o1\" \/><input type=\"hidden\" name=\"_wpcf7_container_post\" value=\"0\" \/><input type=\"hidden\" name=\"_wpcf7_posted_data_hash\" value=\"\" \/><input type=\"hidden\" name=\"_wpcf7_recaptcha_response\" value=\"\" \/>\n<\/fieldset>\n<p><label> Dein Name (Pflichtfeld)<br \/>\n<span class=\"wpcf7-form-control-wrap\" data-name=\"your-name\"><input size=\"40\" maxlength=\"400\" class=\"wpcf7-form-control wpcf7-text wpcf7-validates-as-required\" aria-required=\"true\" aria-invalid=\"false\" value=\"\" type=\"text\" name=\"your-name\" \/><\/span> <\/label>\n<\/p>\n<p><label> Deine E-Mail-Adresse (Pflichtfeld)<br \/>\n<span class=\"wpcf7-form-control-wrap\" data-name=\"your-email\"><input size=\"40\" maxlength=\"400\" class=\"wpcf7-form-control wpcf7-email wpcf7-validates-as-required wpcf7-text wpcf7-validates-as-email\" aria-required=\"true\" aria-invalid=\"false\" value=\"\" type=\"email\" name=\"your-email\" \/><\/span> <\/label>\n<\/p>\n<p><label> Betreff<br \/>\n<span class=\"wpcf7-form-control-wrap\" data-name=\"your-subject\"><input size=\"40\" maxlength=\"400\" class=\"wpcf7-form-control wpcf7-text\" aria-invalid=\"false\" value=\"\" type=\"text\" name=\"your-subject\" \/><\/span> <\/label>\n<\/p>\n<p><label> Deine Nachricht<br \/>\n<span class=\"wpcf7-form-control-wrap\" data-name=\"your-message\"><textarea cols=\"40\" rows=\"10\" maxlength=\"2000\" class=\"wpcf7-form-control wpcf7-textarea\" aria-invalid=\"false\" name=\"your-message\"><\/textarea><\/span> <\/label>\n<\/p>\n<p><input class=\"wpcf7-form-control wpcf7-submit has-spinner\" type=\"submit\" value=\"Senden\" \/>\n<\/p><div class=\"wpcf7-response-output\" aria-hidden=\"true\"><\/div>\n<\/form>\n<\/div>\n\n\n\n\n<p><br><br><br><\/p>\n\n\n\n<p><br><\/p>\n","protected":false},"excerpt":{"rendered":"<p>Vorstand Eidgen\u00f6ssisches Feldspiel Pr\u00e4sident: Markus EstermannW\u00fchrestrasse 75724 D\u00fcrren\u00e4sch Kassier:Stefan Kayser Aktuarin:Nina Zanella Bankverbindung Feldspiel:Bank Linth LLB AGBergstrasse 88712 St\u00e4faIBAN CH73 0873 1546 7642 1200 1BIC LINSCH23 Eidgen\u00f6ssisches FeldspielW\u00fchrestrasse 7, 5724 D\u00fcrren\u00e4sch<\/p>\n","protected":false},"author":2,"featured_media":0,"parent":0,"menu_order":0,"comment_status":"closed","ping_status":"closed","template":"","meta":{"ngg_post_thumbnail":0,"footnotes":""},"class_list":["post-415","page","type-page","status-publish","hentry"],"_links":{"self":[{"href":"https:\/\/feldspiel.ch\/index.php\/wp-json\/wp\/v2\/pages\/415","targetHints":{"allow":["GET"]}}],"collection":[{"href":"https:\/\/feldspiel.ch\/index.php\/wp-json\/wp\/v2\/pages"}],"about":[{"href":"https:\/\/feldspiel.ch\/index.php\/wp-json\/wp\/v2\/types\/page"}],"author":[{"embeddable":true,"href":"https:\/\/feldspiel.ch\/index.php\/wp-json\/wp\/v2\/users\/2"}],"replies":[{"embeddable":true,"href":"https:\/\/feldspiel.ch\/index.php\/wp-json\/wp\/v2\/comments?post=415"}],"version-history":[{"count":10,"href":"https:\/\/feldspiel.ch\/index.php\/wp-json\/wp\/v2\/pages\/415\/revisions"}],"predecessor-version":[{"id":1328,"href":"https:\/\/feldspiel.ch\/index.php\/wp-json\/wp\/v2\/pages\/415\/revisions\/1328"}],"wp:attachment":[{"href":"https:\/\/feldspiel.ch\/index.php\/wp-json\/wp\/v2\/media?parent=415"}],"curies":[{"name":"wp","href":"https:\/\/api.w.org\/{rel}","templated":true}]}}