{"id":3,"date":"2018-08-29T13:00:27","date_gmt":"2018-08-29T13:00:27","guid":{"rendered":"https:\/\/feldspiel.ch\/?page_id=3"},"modified":"2018-10-23T14:50:16","modified_gmt":"2018-10-23T14:50:16","slug":"privacy-policy","status":"publish","type":"page","link":"https:\/\/feldspiel.ch\/index.php\/privacy-policy\/","title":{"rendered":"Datenschutz"},"content":{"rendered":"<pre><strong>Wer wir sind<\/strong>\nUnsere Adresse lautet: https:\/\/feldspiel.ch\n\n<strong>Haftungsausschluss<\/strong>\nDer Autor\/die Autorin \u00fcbernimmt keinerlei Gew\u00e4hr<br>hinsichtlich der inhaltlichen Richtigkeit,<br>Genauigkeit, Aktualit\u00e4t, Zuverl\u00e4ssigkeit und<br>Vollst\u00e4ndigkeit der Informationen. Haftungsanspr\u00fcche<br>gegen den Autor\/die Autorin wegen Sch\u00e4den materieller<br>oder immaterieller Art, welche aus dem Zugriff<br>oder der Nutzung bzw. Nichtnutzung der ver\u00f6ffentlichten<br>Informationen, durch Missbrauch der Verbindung oder<br>durch technische St\u00f6rungen entstanden sind, werden<br>ausgeschlossen. Alle Angebote sind unverbindlich.<br>Der Autor\/die Autorin beh\u00e4lt es sich ausdr\u00fccklich vor,<br>Teile der Seiten oder das gesamte Angebot ohne<br>gesonderte Ank\u00fcndigung zu ver\u00e4ndern, zu erg\u00e4nzen,<br>zu l\u00f6schen oder die Ver\u00f6ffentlichung zeitweise<br>oder endg\u00fcltig einzustellen.\n\n<strong>Haftung f\u00fcr Links<\/strong>\nVerweise und Links auf Webseiten Dritter liegen<br>ausserhalb unseres Verantwortungsbereichs.<br>Es wird jegliche Verantwortung f\u00fcr solche Webseiten<br>abgelehnt. Der Zugriff und die Nutzung solcher<br>Webseiten erfolgen auf eigene Gefahr des Nutzers<br>oder der Nutzerin. Diese Webseiten k\u00f6nnen Daten<br>\u00fcber Sie sammeln, Cookies verwenden <span id=\"result_box\" class=\"\" tabindex=\"-1\" lang=\"de\"><span class=\"\">oder zus\u00e4tzliche<br>Tracking-Funktionen von Drittanbietern einbetten.<\/span><\/span>\n<br>\n\n<\/pre>\n\n\n<h2 class=\"wp-block-heading\"><\/h2>\n\n\n\n<h3 class=\"wp-block-heading\"><\/h3>\n","protected":false},"excerpt":{"rendered":"<p>Wer wir sind Unsere Adresse lautet: https:\/\/feldspiel.ch Haftungsausschluss Der Autor\/die Autorin \u00fcbernimmt keinerlei Gew\u00e4hrhinsichtlich der inhaltlichen Richtigkeit,Genauigkeit, Aktualit\u00e4t, Zuverl\u00e4ssigkeit undVollst\u00e4ndigkeit der Informationen. Haftungsanspr\u00fcchegegen den Autor\/die Autorin wegen Sch\u00e4den materielleroder immaterieller Art, welche aus dem Zugriffoder der Nutzung bzw. Nichtnutzung der ver\u00f6ffentlichtenInformationen, durch Missbrauch der Verbindung oderdurch technische St\u00f6rungen entstanden sind, werdenausgeschlossen. Alle Angebote sind unverbindlich.Der &hellip; <\/p>\n<p class=\"link-more\"><a href=\"https:\/\/feldspiel.ch\/index.php\/privacy-policy\/\" class=\"more-link\"><span class=\"screen-reader-text\">\u201eDatenschutz\u201c<\/span> weiterlesen<\/a><\/p>\n","protected":false},"author":1,"featured_media":0,"parent":0,"menu_order":0,"comment_status":"closed","ping_status":"open","template":"","meta":{"ngg_post_thumbnail":0,"footnotes":""},"class_list":["post-3","page","type-page","status-publish","hentry"],"_links":{"self":[{"href":"https:\/\/feldspiel.ch\/index.php\/wp-json\/wp\/v2\/pages\/3","targetHints":{"allow":["GET"]}}],"collection":[{"href":"https:\/\/feldspiel.ch\/index.php\/wp-json\/wp\/v2\/pages"}],"about":[{"href":"https:\/\/feldspiel.ch\/index.php\/wp-json\/wp\/v2\/types\/page"}],"author":[{"embeddable":true,"href":"https:\/\/feldspiel.ch\/index.php\/wp-json\/wp\/v2\/users\/1"}],"replies":[{"embeddable":true,"href":"https:\/\/feldspiel.ch\/index.php\/wp-json\/wp\/v2\/comments?post=3"}],"version-history":[{"count":10,"href":"https:\/\/feldspiel.ch\/index.php\/wp-json\/wp\/v2\/pages\/3\/revisions"}],"predecessor-version":[{"id":424,"href":"https:\/\/feldspiel.ch\/index.php\/wp-json\/wp\/v2\/pages\/3\/revisions\/424"}],"wp:attachment":[{"href":"https:\/\/feldspiel.ch\/index.php\/wp-json\/wp\/v2\/media?parent=3"}],"curies":[{"name":"wp","href":"https:\/\/api.w.org\/{rel}","templated":true}]}}