{"id":213,"date":"2018-09-05T09:09:58","date_gmt":"2018-09-05T09:09:58","guid":{"rendered":"https:\/\/feldspiel.ch\/?page_id=213"},"modified":"2022-12-06T16:00:31","modified_gmt":"2022-12-06T16:00:31","slug":"filme","status":"publish","type":"page","link":"https:\/\/feldspiel.ch\/index.php\/fotos\/filme\/","title":{"rendered":"Filme"},"content":{"rendered":"\n<p><a href=\"https:\/\/feldspiel.ch\/wp-content\/uploads\/2018\/09\/731f9336-ab93-4e71-a687-2b7b4a1394c3.mp4\" target=\"_blank\" rel=\"noopener\">Soir\u00e9e baroque in Davos 2018 &#8211; 1<\/a><\/p>\n\n\n\n<p><a href=\"https:\/\/feldspiel.ch\/wp-content\/uploads\/2018\/09\/a5af285b-7ea5-438e-8857-4496846ada4b.mp4\" target=\"_blank\" rel=\"noopener\">Soir\u00e9e baroque in Davos 2018 &#8211; 2<\/a><\/p>\n\n\n\n<p><a href=\"https:\/\/feldspiel.ch\/wp-content\/uploads\/2018\/09\/6cf483d6-0ee8-4b63-8a5f-e65c96795e78.mp4\" target=\"_blank\" rel=\"noopener\">Ribeauvill\u00e9 Cort\u00e8ge Musical<\/a><\/p>\n\n\n\n<figure class=\"wp-block-video\"><\/figure>\n","protected":false},"excerpt":{"rendered":"<p>Soir\u00e9e baroque in Davos 2018 &#8211; 1 Soir\u00e9e baroque in Davos 2018 &#8211; 2 Ribeauvill\u00e9 Cort\u00e8ge Musical<\/p>\n","protected":false},"author":2,"featured_media":0,"parent":18,"menu_order":0,"comment_status":"closed","ping_status":"closed","template":"","meta":{"ngg_post_thumbnail":0,"footnotes":""},"class_list":["post-213","page","type-page","status-publish","hentry"],"_links":{"self":[{"href":"https:\/\/feldspiel.ch\/index.php\/wp-json\/wp\/v2\/pages\/213","targetHints":{"allow":["GET"]}}],"collection":[{"href":"https:\/\/feldspiel.ch\/index.php\/wp-json\/wp\/v2\/pages"}],"about":[{"href":"https:\/\/feldspiel.ch\/index.php\/wp-json\/wp\/v2\/types\/page"}],"author":[{"embeddable":true,"href":"https:\/\/feldspiel.ch\/index.php\/wp-json\/wp\/v2\/users\/2"}],"replies":[{"embeddable":true,"href":"https:\/\/feldspiel.ch\/index.php\/wp-json\/wp\/v2\/comments?post=213"}],"version-history":[{"count":7,"href":"https:\/\/feldspiel.ch\/index.php\/wp-json\/wp\/v2\/pages\/213\/revisions"}],"predecessor-version":[{"id":1175,"href":"https:\/\/feldspiel.ch\/index.php\/wp-json\/wp\/v2\/pages\/213\/revisions\/1175"}],"up":[{"embeddable":true,"href":"https:\/\/feldspiel.ch\/index.php\/wp-json\/wp\/v2\/pages\/18"}],"wp:attachment":[{"href":"https:\/\/feldspiel.ch\/index.php\/wp-json\/wp\/v2\/media?parent=213"}],"curies":[{"name":"wp","href":"https:\/\/api.w.org\/{rel}","templated":true}]}}