{"id":16,"date":"2018-08-29T14:40:48","date_gmt":"2018-08-29T14:40:48","guid":{"rendered":"https:\/\/feldspiel.ch\/?page_id=16"},"modified":"2022-12-06T15:47:47","modified_gmt":"2022-12-06T15:47:47","slug":"geschichte-des-feldspiels","status":"publish","type":"page","link":"https:\/\/feldspiel.ch\/index.php\/geschichte-des-feldspiels\/","title":{"rendered":"Geschichte des Feldspiels"},"content":{"rendered":"<p>Die Trommler- und Pfeifermusik ist die \u00e4lteste urschweizerische Volksmusik-Instrumentenformation, die seit \u00fcber 500 Jahren ununterbrochen in der Schweiz gepflegt wird. Vom B\u00fcndnerland bis nach Genf, von Basel bis ins Wallis wird an Traditionsanl\u00e4ssen getrommelt und gepfiffen. Viele Melodien in der Schweiz haben ihren Ursprung in der Pfeifermusik und manch altes Volkslied erw\u00e4hnt Trommler und Pfeifer. Das eidgen\u00f6ssische Feldspiel ist in die Musikgeschichte eingegangen und man spricht nach wie vor vom \u00abSpiel\u00bb, wenn eine Milit\u00e4rmusikformation gemeint ist. Viele traditionelle M\u00e4rsche mit Ursprung in der Pfeifermusik werden heute in der Blasmusikversion gespielt. Die archaische Form von zwei Versen \u00e0 acht Takten l\u00e4sst trotz komplexen Arrangements eindeutig die Wurzeln erkennen.<\/p>\n<p>2007 bis 2008 erarbeitete der Schweizerische Tambouren- und Pfeiferverband STPV das Projekt <span class=\"Apple-style-span\">\u00abEidgen\u00f6ssisches Feldspiel\u00bb<\/span> in Zusammenarbeit mit dem Kompetenzzentrum Schweizer Milit\u00e4rmusik (Komp Zen MM).&nbsp;Das&nbsp;Projektziel war eine CD-Einspielung mit traditionellen M\u00e4rschen und Signalen. Diese CD kann im <a href=\"http:\/\/shop.stpv-astf.com\/epages\/167550.sf\/de_CH\/?ObjectPath=\/Shops\/167550\/Categories\/CDDVD\">STPV Shop<\/a> gekauft werden.<\/p>\n<p>In einem weiteren Schritt ist 2010 ein richtiges Feldspiel mit historischen Kost\u00fcmen, Instrumenten und Feldschritten unter dem Dach des STPV ins Leben gerufen worden. Diese Formation hatte ihre Premiere an der OLMA 2010 in St. Gallen.<\/p>\n<p>&nbsp;<\/p>\n\n\n<h2 class=\"wp-block-heading\">Das eidgen\u00f6ssische Feldspiel hatte an folgenden Anl\u00e4ssen erfolgreiche Auftritte<\/h2>\n\n\n\n<ul class=\"wp-block-list\">\n<li>Konzert mit dem Concentus Chor in der Stadhalle B\u00fclach 2022<\/li>\n\n\n\n<li>SIRD 2022<\/li>\n\n\n\n<li>Barocktage in Solothurn<\/li>\n\n\n\n<li>Festival International du Tambour, Saint Brieuc (F)<\/li>\n\n\n\n<li>Basel Tattoo Parade (CH)<\/li>\n\n\n\n<li>Pfeifertag, Bischwiler (F)<\/li>\n\n\n\n<li>Pfeifertag, Ribeauvill\u00e9 (F)<\/li>\n\n\n\n<li>Internationales Festival der Tambouren und Pfeifer in Br\u00fcssel, Gent, Ypern (B) und Ivrea (I)<\/li>\n\n\n\n<li>Festival Tambours aux Lilas bei Paris (F)<\/li>\n\n\n\n<li>Wanderkonzert in Raron (CH)<\/li>\n\n\n\n<li>Konzert in Uffholtz (F)<\/li>\n\n\n\n<li>Tambouren- und Pfeiferfeste in der Schweiz<\/li>\n\n\n\n<li>Folklorefestival in Zermatt<\/li>\n\n\n\n<li>OLMA St. Gallen<\/li>\n\n\n\n<li>Winzerfest Neuenburg<\/li>\n\n\n\n<li>Trummle Bummle Z\u00fcrich<\/li>\n\n\n\n<li>USA Reise mit STPV<\/li>\n<\/ul>\n\n\n\n<p><\/p>\n","protected":false},"excerpt":{"rendered":"<p>Die Trommler- und Pfeifermusik ist die \u00e4lteste urschweizerische Volksmusik-Instrumentenformation, die seit \u00fcber 500 Jahren ununterbrochen in der Schweiz gepflegt wird. Vom B\u00fcndnerland bis nach Genf, von Basel bis ins Wallis wird an Traditionsanl\u00e4ssen getrommelt und gepfiffen. Viele Melodien in der Schweiz haben ihren Ursprung in der Pfeifermusik und manch altes Volkslied erw\u00e4hnt Trommler und Pfeifer. &hellip; <\/p>\n<p class=\"link-more\"><a href=\"https:\/\/feldspiel.ch\/index.php\/geschichte-des-feldspiels\/\" class=\"more-link\"><span class=\"screen-reader-text\">\u201eGeschichte des Feldspiels\u201c<\/span> weiterlesen<\/a><\/p>\n","protected":false},"author":2,"featured_media":313,"parent":0,"menu_order":0,"comment_status":"closed","ping_status":"closed","template":"","meta":{"ngg_post_thumbnail":0,"footnotes":""},"class_list":["post-16","page","type-page","status-publish","has-post-thumbnail","hentry"],"_links":{"self":[{"href":"https:\/\/feldspiel.ch\/index.php\/wp-json\/wp\/v2\/pages\/16","targetHints":{"allow":["GET"]}}],"collection":[{"href":"https:\/\/feldspiel.ch\/index.php\/wp-json\/wp\/v2\/pages"}],"about":[{"href":"https:\/\/feldspiel.ch\/index.php\/wp-json\/wp\/v2\/types\/page"}],"author":[{"embeddable":true,"href":"https:\/\/feldspiel.ch\/index.php\/wp-json\/wp\/v2\/users\/2"}],"replies":[{"embeddable":true,"href":"https:\/\/feldspiel.ch\/index.php\/wp-json\/wp\/v2\/comments?post=16"}],"version-history":[{"count":13,"href":"https:\/\/feldspiel.ch\/index.php\/wp-json\/wp\/v2\/pages\/16\/revisions"}],"predecessor-version":[{"id":1171,"href":"https:\/\/feldspiel.ch\/index.php\/wp-json\/wp\/v2\/pages\/16\/revisions\/1171"}],"wp:featuredmedia":[{"embeddable":true,"href":"https:\/\/feldspiel.ch\/index.php\/wp-json\/wp\/v2\/media\/313"}],"wp:attachment":[{"href":"https:\/\/feldspiel.ch\/index.php\/wp-json\/wp\/v2\/media?parent=16"}],"curies":[{"name":"wp","href":"https:\/\/api.w.org\/{rel}","templated":true}]}}